{"id":153,"date":"2014-01-24T20:59:18","date_gmt":"2014-01-24T22:59:18","guid":{"rendered":"http:\/\/galeriafilmes.tv\/site\/?page_id=153"},"modified":"2019-07-27T18:10:12","modified_gmt":"2019-07-27T21:10:12","slug":"lisergia-classica","status":"publish","type":"page","link":"http:\/\/galeriafilmes.com.br\/galeriafilmes\/projetos\/lisergia-classica\/","title":{"rendered":"Lisergia Cl\u00e1ssica"},"content":{"rendered":"<p>[et_pb_section fb_built=&#8221;1&#8243; admin_label=&#8221;section&#8221; _builder_version=&#8221;3.22&#8243;][et_pb_row admin_label=&#8221;row&#8221; _builder_version=&#8221;3.25&#8243; background_size=&#8221;initial&#8221; background_position=&#8221;top_left&#8221; background_repeat=&#8221;repeat&#8221;][et_pb_column type=&#8221;4_4&#8243; _builder_version=&#8221;3.25&#8243; custom_padding=&#8221;|||&#8221; custom_padding__hover=&#8221;|||&#8221;][et_pb_post_title meta=&#8221;off&#8221; featured_image=&#8221;off&#8221; _builder_version=&#8221;3.26.3&#8243;][\/et_pb_post_title][et_pb_text admin_label=&#8221;Text&#8221; _builder_version=&#8221;3.26.3&#8243; background_size=&#8221;initial&#8221; background_position=&#8221;top_left&#8221; background_repeat=&#8221;repeat&#8221; custom_padding=&#8221;||49px|||&#8221;]<\/p>\n<p>Filme conta a hist\u00f3ria do surgimento da cultura surf no Brasil, passando pelas influ\u00eancias americanas e peruanas. Com o longboard, ou pranch\u00e3o, como fio condutor, pioneiros do esporte no Rio de Janeiro e S\u00e3o Paulo abrem o ba\u00fa de mem\u00f3rias e sentimentos desde os finais da d\u00e9cada de 50. As primeiras ondas surfadas na costa catarinense, a retomada do longboard na d\u00e9cada de 80 e o desenvolvimento da modalidade at\u00e9 os dias atuais s\u00e3o alguns dos temas abordados em um painel composto por grandes nomes do esporte no Brasil e no mundo, com grava\u00e7\u00f5es na Calif\u00f3rnia, Peru, Costa Rica e Brasil.<\/p>\n<div id=\"vimeography-gallery-6\" class=\"vimeography-bugsauce\" data-version=\"1.0.2\">\n<div class=\"vimeography-main\">\n<div class=\"vimeography-player\"><\/div>\n<\/div>\n<\/div>\n<p>[\/et_pb_text][et_pb_video src=&#8221;https:\/\/vimeo.com\/110900178&#8243; _builder_version=&#8221;3.26.3&#8243;][\/et_pb_video][\/et_pb_column][\/et_pb_row][\/et_pb_section]<\/p>\n","protected":false},"excerpt":{"rendered":"<p>[et_pb_section fb_built=&#8221;1&#8243; admin_label=&#8221;section&#8221; _builder_version=&#8221;3.22&#8243;][et_pb_row admin_label=&#8221;row&#8221; _builder_version=&#8221;3.25&#8243; background_size=&#8221;initial&#8221; background_position=&#8221;top_left&#8221; background_repeat=&#8221;repeat&#8221;][et_pb_column type=&#8221;4_4&#8243; _builder_version=&#8221;3.25&#8243; custom_padding=&#8221;|||&#8221; custom_padding__hover=&#8221;|||&#8221;][et_pb_post_title meta=&#8221;off&#8221; featured_image=&#8221;off&#8221; _builder_version=&#8221;3.26.3&#8243;][\/et_pb_post_title][et_pb_text admin_label=&#8221;Text&#8221; _builder_version=&#8221;3.26.3&#8243; background_size=&#8221;initial&#8221; background_position=&#8221;top_left&#8221; background_repeat=&#8221;repeat&#8221; custom_padding=&#8221;||49px|||&#8221;] Filme conta a hist\u00f3ria do surgimento da cultura surf no Brasil, passando pelas influ\u00eancias americanas e peruanas. Com o longboard, ou pranch\u00e3o, como fio condutor, pioneiros do esporte no Rio de Janeiro e [&hellip;]<\/p>\n","protected":false},"author":3,"featured_media":0,"parent":92,"menu_order":1,"comment_status":"closed","ping_status":"closed","template":"","meta":{"_et_pb_use_builder":"on","_et_pb_old_content":"Filme conta a hist\u00f3ria do surgimento da cultura surf no Brasil, passando pelas influ\u00eancias americanas e peruanas. Com o longboard, ou pranch\u00e3o, como fio condutor, pioneiros do esporte no Rio de Janeiro e S\u00e3o Paulo abrem o ba\u00fa de mem\u00f3rias e sentimentos desde os finais da d\u00e9cada de 50. As primeiras ondas surfadas na costa catarinense, a retomada do longboard na d\u00e9cada de 80 e o desenvolvimento da modalidade at\u00e9 os dias atuais s\u00e3o alguns dos temas abordados em um painel composto por grandes nomes do esporte no Brasil e no mundo, com grava\u00e7\u00f5es na Calif\u00f3rnia, Peru, Costa Rica e Brasil.\n\n[vimeography id=\"6\"]\n<table width=\"14\" cellspacing=\"0\">\n<tbody>\n<tr valign=\"top\">\n<td><\/td>\n<td><\/td>\n<\/tr>\n<\/tbody>\n<\/table>","footnotes":""},"class_list":["post-153","page","type-page","status-publish","hentry"],"_links":{"self":[{"href":"http:\/\/galeriafilmes.com.br\/galeriafilmes\/wp-json\/wp\/v2\/pages\/153","targetHints":{"allow":["GET"]}}],"collection":[{"href":"http:\/\/galeriafilmes.com.br\/galeriafilmes\/wp-json\/wp\/v2\/pages"}],"about":[{"href":"http:\/\/galeriafilmes.com.br\/galeriafilmes\/wp-json\/wp\/v2\/types\/page"}],"author":[{"embeddable":true,"href":"http:\/\/galeriafilmes.com.br\/galeriafilmes\/wp-json\/wp\/v2\/users\/3"}],"replies":[{"embeddable":true,"href":"http:\/\/galeriafilmes.com.br\/galeriafilmes\/wp-json\/wp\/v2\/comments?post=153"}],"version-history":[{"count":3,"href":"http:\/\/galeriafilmes.com.br\/galeriafilmes\/wp-json\/wp\/v2\/pages\/153\/revisions"}],"predecessor-version":[{"id":767,"href":"http:\/\/galeriafilmes.com.br\/galeriafilmes\/wp-json\/wp\/v2\/pages\/153\/revisions\/767"}],"up":[{"embeddable":true,"href":"http:\/\/galeriafilmes.com.br\/galeriafilmes\/wp-json\/wp\/v2\/pages\/92"}],"wp:attachment":[{"href":"http:\/\/galeriafilmes.com.br\/galeriafilmes\/wp-json\/wp\/v2\/media?parent=153"}],"curies":[{"name":"wp","href":"https:\/\/api.w.org\/{rel}","templated":true}]}}