{"id":171,"date":"2014-01-24T22:08:11","date_gmt":"2014-01-25T00:08:11","guid":{"rendered":"http:\/\/galeriafilmes.tv\/site\/?page_id=171"},"modified":"2019-07-26T19:31:30","modified_gmt":"2019-07-26T22:31:30","slug":"171-2","status":"publish","type":"page","link":"http:\/\/galeriafilmes.com.br\/galeriafilmes\/projetos\/171-2\/","title":{"rendered":"Olhar para Tudo"},"content":{"rendered":"[et_pb_section fb_built=&#8221;1&#8243; admin_label=&#8221;section&#8221; _builder_version=&#8221;3.26.3&#8243; width=&#8221;100%&#8221; max_width=&#8221;100%&#8221;][et_pb_row admin_label=&#8221;row&#8221; _builder_version=&#8221;3.25&#8243; background_size=&#8221;initial&#8221; background_position=&#8221;top_left&#8221; background_repeat=&#8221;repeat&#8221;][et_pb_column type=&#8221;4_4&#8243; _builder_version=&#8221;3.25&#8243; custom_padding=&#8221;|||&#8221; custom_padding__hover=&#8221;|||&#8221;][et_pb_post_title meta=&#8221;off&#8221; featured_image=&#8221;off&#8221; _builder_version=&#8221;3.26.3&#8243;][\/et_pb_post_title][et_pb_text admin_label=&#8221;Text&#8221; _builder_version=&#8221;3.0.74&#8243; background_size=&#8221;initial&#8221; background_position=&#8221;top_left&#8221; background_repeat=&#8221;repeat&#8221;]<p><a href=\"http:\/\/www.olharparatudo.com.br\" target=\"_blank\" rel=\"noopener noreferrer\"><b>Olhar para tudo<\/b><\/a>&nbsp;deseja conduzir o olhar curioso das crian\u00e7as para o vasto universo do conhecimento, com arte, criatividade e divers\u00e3o.&nbsp;E busca contribuir para a forma\u00e7\u00e3o de cidad\u00e3os cr\u00edticos, atuantes, engajados em objetivos que valorizem o respeito pela rica diversidade do ser humano e da natureza.<\/p>\n        <div class=\"vimeography-error\">\n          <h2>This video gallery couldn't be loaded.<\/h2>\n          <p>an invalid token was used for the API request. Try removing your Vimeo token on the Vimeography Pro page and following the steps again to create a Vimeo app.<\/p>\n        <\/div>\n\n        <style>\n          .vimeography-error {\n            background-color: rgba(255, 255, 255, 0.25);\n            max-width: 500px;\n            margin: 0 auto 2rem;\n            text-align: center;\n            border-radius: 4px;\n            padding: 1rem;\n            box-shadow: 0 2px 5px rgba(0, 0, 0, 0.05);\n          }\n\n          .vimeography-error h2 {\n            font-size: 1.3rem;\n          }\n        <\/style>\n      \n\n\n<p><\/p>\n[\/et_pb_text][et_pb_post_title title=&#8221;off&#8221; meta=&#8221;off&#8221; _builder_version=&#8221;3.26.3&#8243;][\/et_pb_post_title][\/et_pb_column][\/et_pb_row][et_pb_row _builder_version=&#8221;3.26.3&#8243; width=&#8221;100%&#8221; max_width=&#8221;100%&#8221;][et_pb_column type=&#8221;4_4&#8243; _builder_version=&#8221;3.26.3&#8243;][et_pb_code _builder_version=&#8221;3.26.3&#8243;]        <div class=\"vimeography-error\">\n          <h2>This video gallery couldn't be loaded.<\/h2>\n          <p>an invalid token was used for the API request. Try removing your Vimeo token on the Vimeography Pro page and following the steps again to create a Vimeo app.<\/p>\n        <\/div>\n\n        <style>\n          .vimeography-error {\n            background-color: rgba(255, 255, 255, 0.25);\n            max-width: 500px;\n            margin: 0 auto 2rem;\n            text-align: center;\n            border-radius: 4px;\n            padding: 1rem;\n            box-shadow: 0 2px 5px rgba(0, 0, 0, 0.05);\n          }\n\n          .vimeography-error h2 {\n            font-size: 1.3rem;\n          }\n        <\/style>\n      [\/et_pb_code][\/et_pb_column][\/et_pb_row][\/et_pb_section]","protected":false},"excerpt":{"rendered":"<p>[et_pb_section fb_built=&#8221;1&#8243; admin_label=&#8221;section&#8221; _builder_version=&#8221;3.26.3&#8243; width=&#8221;100%&#8221; max_width=&#8221;100%&#8221;][et_pb_row admin_label=&#8221;row&#8221; _builder_version=&#8221;3.25&#8243; background_size=&#8221;initial&#8221; background_position=&#8221;top_left&#8221; background_repeat=&#8221;repeat&#8221;][et_pb_column type=&#8221;4_4&#8243; _builder_version=&#8221;3.25&#8243; custom_padding=&#8221;|||&#8221; custom_padding__hover=&#8221;|||&#8221;][et_pb_post_title meta=&#8221;off&#8221; featured_image=&#8221;off&#8221; _builder_version=&#8221;3.26.3&#8243;][\/et_pb_post_title][et_pb_text admin_label=&#8221;Text&#8221; _builder_version=&#8221;3.0.74&#8243; background_size=&#8221;initial&#8221; background_position=&#8221;top_left&#8221; background_repeat=&#8221;repeat&#8221;] Olhar para tudo&nbsp;deseja conduzir o olhar curioso das crian\u00e7as para o vasto universo do conhecimento, com arte, criatividade e divers\u00e3o.&nbsp;E busca contribuir para a forma\u00e7\u00e3o de cidad\u00e3os cr\u00edticos, atuantes, engajados em objetivos [&hellip;]<\/p>\n","protected":false},"author":3,"featured_media":0,"parent":92,"menu_order":0,"comment_status":"closed","ping_status":"closed","template":"","meta":{"_et_pb_use_builder":"on","_et_pb_old_content":"<p><a href=\"http:\/\/www.olharparatudo.com.br\" target=\"_blank\" rel=\"noopener noreferrer\"><b>Olhar para tudo<\/b><\/a>&nbsp;deseja conduzir o olhar curioso das crian\u00e7as para o vasto universo do conhecimento, com arte, criatividade e divers\u00e3o.&nbsp;E busca contribuir para a forma\u00e7\u00e3o de cidad\u00e3os cr\u00edticos, atuantes, engajados em objetivos que valorizem o respeito pela rica diversidade do ser humano e da natureza.<\/p>\n<p>[vimeography id=\"173\"]<\/p>\n\n<!-- wp:paragraph -->\n<p><\/p>\n<!-- \/wp:paragraph -->","footnotes":""},"class_list":["post-171","page","type-page","status-publish","hentry"],"_links":{"self":[{"href":"http:\/\/galeriafilmes.com.br\/galeriafilmes\/wp-json\/wp\/v2\/pages\/171","targetHints":{"allow":["GET"]}}],"collection":[{"href":"http:\/\/galeriafilmes.com.br\/galeriafilmes\/wp-json\/wp\/v2\/pages"}],"about":[{"href":"http:\/\/galeriafilmes.com.br\/galeriafilmes\/wp-json\/wp\/v2\/types\/page"}],"author":[{"embeddable":true,"href":"http:\/\/galeriafilmes.com.br\/galeriafilmes\/wp-json\/wp\/v2\/users\/3"}],"replies":[{"embeddable":true,"href":"http:\/\/galeriafilmes.com.br\/galeriafilmes\/wp-json\/wp\/v2\/comments?post=171"}],"version-history":[{"count":8,"href":"http:\/\/galeriafilmes.com.br\/galeriafilmes\/wp-json\/wp\/v2\/pages\/171\/revisions"}],"predecessor-version":[{"id":762,"href":"http:\/\/galeriafilmes.com.br\/galeriafilmes\/wp-json\/wp\/v2\/pages\/171\/revisions\/762"}],"up":[{"embeddable":true,"href":"http:\/\/galeriafilmes.com.br\/galeriafilmes\/wp-json\/wp\/v2\/pages\/92"}],"wp:attachment":[{"href":"http:\/\/galeriafilmes.com.br\/galeriafilmes\/wp-json\/wp\/v2\/media?parent=171"}],"curies":[{"name":"wp","href":"https:\/\/api.w.org\/{rel}","templated":true}]}}