{"id":2,"date":"2019-07-17T20:21:38","date_gmt":"2019-07-17T23:21:38","guid":{"rendered":"http:\/\/galeriafilmes.com.br\/galeriafilmes\/?page_id=2"},"modified":"2019-09-02T18:49:43","modified_gmt":"2019-09-02T21:49:43","slug":"pagina-exemplo","status":"publish","type":"page","link":"http:\/\/galeriafilmes.com.br\/galeriafilmes\/pagina-exemplo\/","title":{"rendered":"Conte\u00fado de Marca"},"content":{"rendered":"<p>[et_pb_section fb_built=&#8221;1&#8243; admin_label=&#8221;section&#8221; _builder_version=&#8221;3.26.3&#8243; width=&#8221;100%&#8221; max_width=&#8221;100%&#8221;][et_pb_row _builder_version=&#8221;3.26.3&#8243; width=&#8221;100%&#8221; max_width=&#8221;100%&#8221;][et_pb_column type=&#8221;4_4&#8243; _builder_version=&#8221;3.26.3&#8243;][et_pb_post_title meta=&#8221;off&#8221; _builder_version=&#8221;3.26.3&#8243; width=&#8221;100%&#8221; max_width=&#8221;100%&#8221; custom_margin=&#8221;|||10%|false|false&#8221; title_font=&#8221;||||||||&#8221;][\/et_pb_post_title][et_pb_code _builder_version=&#8221;3.26.3&#8243;]        <div class=\"vimeography-error\">\n          <h2>This video gallery couldn't be loaded.<\/h2>\n          <p>an invalid token was used for the API request. Try removing your Vimeo token on the Vimeography Pro page and following the steps again to create a Vimeo app.<\/p>\n        <\/div>\n\n        <style>\n          .vimeography-error {\n            background-color: rgba(255, 255, 255, 0.25);\n            max-width: 500px;\n            margin: 0 auto 2rem;\n            text-align: center;\n            border-radius: 4px;\n            padding: 1rem;\n            box-shadow: 0 2px 5px rgba(0, 0, 0, 0.05);\n          }\n\n          .vimeography-error h2 {\n            font-size: 1.3rem;\n          }\n        <\/style>\n      [\/et_pb_code][\/et_pb_column][\/et_pb_row][\/et_pb_section]<\/p>\n","protected":false},"excerpt":{"rendered":"<p>[et_pb_section fb_built=&#8221;1&#8243; admin_label=&#8221;section&#8221; _builder_version=&#8221;3.26.3&#8243; width=&#8221;100%&#8221; max_width=&#8221;100%&#8221;][et_pb_row _builder_version=&#8221;3.26.3&#8243; width=&#8221;100%&#8221; max_width=&#8221;100%&#8221;][et_pb_column type=&#8221;4_4&#8243; _builder_version=&#8221;3.26.3&#8243;][et_pb_post_title meta=&#8221;off&#8221; _builder_version=&#8221;3.26.3&#8243; width=&#8221;100%&#8221; max_width=&#8221;100%&#8221; custom_margin=&#8221;|||10%|false|false&#8221; title_font=&#8221;||||||||&#8221;][\/et_pb_post_title][et_pb_code _builder_version=&#8221;3.26.3&#8243;][\/et_pb_code][\/et_pb_column][\/et_pb_row][\/et_pb_section]<\/p>\n","protected":false},"author":1,"featured_media":0,"parent":0,"menu_order":0,"comment_status":"closed","ping_status":"closed","template":"","meta":{"_et_pb_use_builder":"on","_et_pb_old_content":"<!-- wp:paragraph -->\n<p>Esta \u00e9 uma p\u00e1gina de exemplo. \u00c9 diferente de um post no blog porque ela permanecer\u00e1 em um lugar e aparecer\u00e1 na navega\u00e7\u00e3o do seu site na maioria dos temas. Muitas pessoas come\u00e7am com uma p\u00e1gina que as apresenta a poss\u00edveis visitantes do site. Ela pode dizer algo assim:<\/p>\n<!-- \/wp:paragraph -->\n\n<!-- wp:quote -->\n<blockquote class=\"wp-block-quote\"><p>Ol\u00e1! Eu sou um mensageiro de bicicleta durante o dia, ator aspirante \u00e0 noite, e este \u00e9 o meu site. Eu moro em S\u00e3o Paulo, tenho um grande cachorro chamado Rex e gosto de tomar caipirinha (e banhos de chuva).<\/p><\/blockquote>\n<!-- \/wp:quote -->\n\n<!-- wp:paragraph -->\n<p>...ou alguma coisa assim:<\/p>\n<!-- \/wp:paragraph -->\n\n<!-- wp:quote -->\n<blockquote class=\"wp-block-quote\"><p>A Companhia de Miniaturas XYZ foi fundada em 1971, e desde ent\u00e3o tem fornecido miniaturas de qualidade ao p\u00fablico. Localizada na cidade de Itu, a XYZ emprega mais de 2.000 pessoas e faz coisas grandiosas para a comunidade da cidade.<\/p><\/blockquote>\n<!-- \/wp:quote -->\n\n<!-- wp:paragraph -->\n<p>Como um novo usu\u00e1rio do WordPress, voc\u00ea deveria ir ao <a href=\"http:\/\/galeriafilmes.com.br\/galeriafilmes\/wp-admin\/\">painel<\/a> para excluir essa p\u00e1gina e criar novas p\u00e1ginas para o seu conte\u00fado. Divirta-se!<\/p>\n<!-- \/wp:paragraph -->","footnotes":""},"class_list":["post-2","page","type-page","status-publish","hentry"],"_links":{"self":[{"href":"http:\/\/galeriafilmes.com.br\/galeriafilmes\/wp-json\/wp\/v2\/pages\/2","targetHints":{"allow":["GET"]}}],"collection":[{"href":"http:\/\/galeriafilmes.com.br\/galeriafilmes\/wp-json\/wp\/v2\/pages"}],"about":[{"href":"http:\/\/galeriafilmes.com.br\/galeriafilmes\/wp-json\/wp\/v2\/types\/page"}],"author":[{"embeddable":true,"href":"http:\/\/galeriafilmes.com.br\/galeriafilmes\/wp-json\/wp\/v2\/users\/1"}],"replies":[{"embeddable":true,"href":"http:\/\/galeriafilmes.com.br\/galeriafilmes\/wp-json\/wp\/v2\/comments?post=2"}],"version-history":[{"count":10,"href":"http:\/\/galeriafilmes.com.br\/galeriafilmes\/wp-json\/wp\/v2\/pages\/2\/revisions"}],"predecessor-version":[{"id":758,"href":"http:\/\/galeriafilmes.com.br\/galeriafilmes\/wp-json\/wp\/v2\/pages\/2\/revisions\/758"}],"wp:attachment":[{"href":"http:\/\/galeriafilmes.com.br\/galeriafilmes\/wp-json\/wp\/v2\/media?parent=2"}],"curies":[{"name":"wp","href":"https:\/\/api.w.org\/{rel}","templated":true}]}}