{"id":325,"date":"2014-11-12T21:06:42","date_gmt":"2014-11-12T23:06:42","guid":{"rendered":"http:\/\/galeriafilmes.tv\/site\/?page_id=325"},"modified":"2019-07-27T18:38:54","modified_gmt":"2019-07-27T21:38:54","slug":"chaplin-sp","status":"publish","type":"page","link":"http:\/\/galeriafilmes.com.br\/galeriafilmes\/projetos\/chaplin-sp\/","title":{"rendered":"Chaplin SP"},"content":{"rendered":"<p>[et_pb_section fb_built=&#8221;1&#8243; admin_label=&#8221;section&#8221; _builder_version=&#8221;3.26.3&#8243; background_color=&#8221;#b3b3b3&#8243;][et_pb_row admin_label=&#8221;row&#8221; _builder_version=&#8221;3.25&#8243; background_size=&#8221;initial&#8221; background_position=&#8221;top_left&#8221; background_repeat=&#8221;repeat&#8221;][et_pb_column type=&#8221;4_4&#8243; _builder_version=&#8221;3.25&#8243; custom_padding=&#8221;|||&#8221; custom_padding__hover=&#8221;|||&#8221;][et_pb_post_title meta=&#8221;off&#8221; featured_image=&#8221;off&#8221; _builder_version=&#8221;3.26.3&#8243;][\/et_pb_post_title][et_pb_text admin_label=&#8221;Text&#8221; _builder_version=&#8221;3.26.3&#8243; background_size=&#8221;initial&#8221; background_position=&#8221;top_left&#8221; background_repeat=&#8221;repeat&#8221; custom_padding=&#8221;||49px|||&#8221;]<\/p>\n<p><span>Este filme demorou dois anos para ser realizado. Essencialmente, \u00e9 um recorte de v\u00e1rios filmes do Chaplin transformado em anima\u00e7\u00e3o \u201cstop-motion\u201d. Cada frame, um \u201cstencil\u201d feito a m\u00e3o. Pintamos 650 \u201cstencils\u201d pelos bairros da Vila Madalena, Pomp\u00e9ia e Sumar\u00e9 e escolhemos 180 na edi\u00e7\u00e3o final. Um Filme de Matias Vellutini e equipe.<\/span><\/p>\n<div id=\"vimeography-gallery-6\" class=\"vimeography-bugsauce\" data-version=\"1.0.2\">\n<div class=\"vimeography-main\">\n<div class=\"vimeography-player\"><\/div>\n<\/div>\n<\/div>\n<p>[\/et_pb_text][et_pb_video src=&#8221;https:\/\/vimeo.com\/91421064&#8243; _builder_version=&#8221;3.26.3&#8243;][\/et_pb_video][\/et_pb_column][\/et_pb_row][\/et_pb_section]<\/p>\n","protected":false},"excerpt":{"rendered":"<p>[et_pb_section fb_built=&#8221;1&#8243; admin_label=&#8221;section&#8221; _builder_version=&#8221;3.26.3&#8243; background_color=&#8221;#b3b3b3&#8243;][et_pb_row admin_label=&#8221;row&#8221; _builder_version=&#8221;3.25&#8243; background_size=&#8221;initial&#8221; background_position=&#8221;top_left&#8221; background_repeat=&#8221;repeat&#8221;][et_pb_column type=&#8221;4_4&#8243; _builder_version=&#8221;3.25&#8243; custom_padding=&#8221;|||&#8221; custom_padding__hover=&#8221;|||&#8221;][et_pb_post_title meta=&#8221;off&#8221; featured_image=&#8221;off&#8221; _builder_version=&#8221;3.26.3&#8243;][\/et_pb_post_title][et_pb_text admin_label=&#8221;Text&#8221; _builder_version=&#8221;3.26.3&#8243; background_size=&#8221;initial&#8221; background_position=&#8221;top_left&#8221; background_repeat=&#8221;repeat&#8221; custom_padding=&#8221;||49px|||&#8221;] Este filme demorou dois anos para ser realizado. Essencialmente, \u00e9 um recorte de v\u00e1rios filmes do Chaplin transformado em anima\u00e7\u00e3o \u201cstop-motion\u201d. Cada frame, um \u201cstencil\u201d feito a m\u00e3o. Pintamos 650 \u201cstencils\u201d pelos [&hellip;]<\/p>\n","protected":false},"author":3,"featured_media":0,"parent":92,"menu_order":3,"comment_status":"open","ping_status":"closed","template":"","meta":{"_et_pb_use_builder":"on","_et_pb_old_content":"Este filme demorou dois anos para ser realizado. Essencialmente, \u00e9 um recorte de v\u00e1rios filmes do Chaplin transformado em anima\u00e7\u00e3o \"stop-motion\". Cada frame, um \"stencil\" feito a m\u00e3o. Pintamos 650 \"stencils\" pelos bairros da Vila Madalena, Pomp\u00e9ia e Sumar\u00e9 e escolhemos 180 na edi\u00e7\u00e3o final. Um Filme de Matias Vellutini e equipe.\n\n<strong>[vimeography id=\"15\"]<\/strong>","footnotes":""},"class_list":["post-325","page","type-page","status-publish","hentry"],"_links":{"self":[{"href":"http:\/\/galeriafilmes.com.br\/galeriafilmes\/wp-json\/wp\/v2\/pages\/325","targetHints":{"allow":["GET"]}}],"collection":[{"href":"http:\/\/galeriafilmes.com.br\/galeriafilmes\/wp-json\/wp\/v2\/pages"}],"about":[{"href":"http:\/\/galeriafilmes.com.br\/galeriafilmes\/wp-json\/wp\/v2\/types\/page"}],"author":[{"embeddable":true,"href":"http:\/\/galeriafilmes.com.br\/galeriafilmes\/wp-json\/wp\/v2\/users\/3"}],"replies":[{"embeddable":true,"href":"http:\/\/galeriafilmes.com.br\/galeriafilmes\/wp-json\/wp\/v2\/comments?post=325"}],"version-history":[{"count":4,"href":"http:\/\/galeriafilmes.com.br\/galeriafilmes\/wp-json\/wp\/v2\/pages\/325\/revisions"}],"predecessor-version":[{"id":786,"href":"http:\/\/galeriafilmes.com.br\/galeriafilmes\/wp-json\/wp\/v2\/pages\/325\/revisions\/786"}],"up":[{"embeddable":true,"href":"http:\/\/galeriafilmes.com.br\/galeriafilmes\/wp-json\/wp\/v2\/pages\/92"}],"wp:attachment":[{"href":"http:\/\/galeriafilmes.com.br\/galeriafilmes\/wp-json\/wp\/v2\/media?parent=325"}],"curies":[{"name":"wp","href":"https:\/\/api.w.org\/{rel}","templated":true}]}}