{"id":341,"date":"2015-02-25T14:19:38","date_gmt":"2015-02-25T17:19:38","guid":{"rendered":"http:\/\/galeriafilmes.tv\/site\/?page_id=341"},"modified":"2019-07-27T18:10:53","modified_gmt":"2019-07-27T21:10:53","slug":"batucada-de-responsa","status":"publish","type":"page","link":"http:\/\/galeriafilmes.com.br\/galeriafilmes\/projetos\/batucada-de-responsa\/","title":{"rendered":"Batucada de Responsa"},"content":{"rendered":"<p>Mini-Doc sobre a bateria da escola de samba Rosas de Ouro. 7 minutos que falam sobre o envolvimento dos ritmistas, o ciclo de renova\u00e7\u00e3o e os valores que levamos pra vida quando fazemos algo com amor. Um filme de Matias Vellutini e Pedro Marques, produ\u00e7\u00e3o executiva da Vania Ferreira e produ\u00e7\u00e3o da Galeria Filmes.<\/p>\n        <div class=\"vimeography-error\">\n          <h2>This video gallery couldn't be loaded.<\/h2>\n          <p>the request to Vimeo failed. an invalid token was used for the API request. Try removing your Vimeo token on the Vimeography Pro page and following the steps again to create a Vimeo app.<\/p>\n        <\/div>\n\n        <style>\n          .vimeography-error {\n            background-color: rgba(255, 255, 255, 0.25);\n            max-width: 500px;\n            margin: 0 auto 2rem;\n            text-align: center;\n            border-radius: 4px;\n            padding: 1rem;\n            box-shadow: 0 2px 5px rgba(0, 0, 0, 0.05);\n          }\n\n          .vimeography-error h2 {\n            font-size: 1.3rem;\n          }\n        <\/style>\n      \n","protected":false},"excerpt":{"rendered":"<p>Mini-Doc sobre a bateria da escola de samba Rosas de Ouro. 7 minutos que falam sobre o envolvimento dos ritmistas, o ciclo de renova\u00e7\u00e3o e os valores que levamos pra vida quando fazemos algo com amor. Um filme de Matias Vellutini e Pedro Marques, produ\u00e7\u00e3o executiva da Vania Ferreira e produ\u00e7\u00e3o da Galeria Filmes.<\/p>\n","protected":false},"author":3,"featured_media":0,"parent":92,"menu_order":4,"comment_status":"open","ping_status":"closed","template":"","meta":{"_et_pb_use_builder":"","_et_pb_old_content":"","footnotes":""},"class_list":["post-341","page","type-page","status-publish","hentry"],"_links":{"self":[{"href":"http:\/\/galeriafilmes.com.br\/galeriafilmes\/wp-json\/wp\/v2\/pages\/341","targetHints":{"allow":["GET"]}}],"collection":[{"href":"http:\/\/galeriafilmes.com.br\/galeriafilmes\/wp-json\/wp\/v2\/pages"}],"about":[{"href":"http:\/\/galeriafilmes.com.br\/galeriafilmes\/wp-json\/wp\/v2\/types\/page"}],"author":[{"embeddable":true,"href":"http:\/\/galeriafilmes.com.br\/galeriafilmes\/wp-json\/wp\/v2\/users\/3"}],"replies":[{"embeddable":true,"href":"http:\/\/galeriafilmes.com.br\/galeriafilmes\/wp-json\/wp\/v2\/comments?post=341"}],"version-history":[{"count":2,"href":"http:\/\/galeriafilmes.com.br\/galeriafilmes\/wp-json\/wp\/v2\/pages\/341\/revisions"}],"predecessor-version":[{"id":769,"href":"http:\/\/galeriafilmes.com.br\/galeriafilmes\/wp-json\/wp\/v2\/pages\/341\/revisions\/769"}],"up":[{"embeddable":true,"href":"http:\/\/galeriafilmes.com.br\/galeriafilmes\/wp-json\/wp\/v2\/pages\/92"}],"wp:attachment":[{"href":"http:\/\/galeriafilmes.com.br\/galeriafilmes\/wp-json\/wp\/v2\/media?parent=341"}],"curies":[{"name":"wp","href":"https:\/\/api.w.org\/{rel}","templated":true}]}}