{"id":355,"date":"2016-01-20T13:17:52","date_gmt":"2016-01-20T15:17:52","guid":{"rendered":"http:\/\/galeriafilmes.tv\/site\/?page_id=355"},"modified":"2019-08-12T17:27:53","modified_gmt":"2019-08-12T20:27:53","slug":"empena-cega","status":"publish","type":"page","link":"http:\/\/galeriafilmes.com.br\/galeriafilmes\/projetos\/empena-cega\/","title":{"rendered":"Empena Cega"},"content":{"rendered":"<p>[et_pb_section fb_built=&#8221;1&#8243; admin_label=&#8221;section&#8221; _builder_version=&#8221;3.22&#8243;][et_pb_row admin_label=&#8221;row&#8221; _builder_version=&#8221;3.25&#8243; background_size=&#8221;initial&#8221; background_position=&#8221;top_left&#8221; background_repeat=&#8221;repeat&#8221;][et_pb_column type=&#8221;4_4&#8243; _builder_version=&#8221;3.25&#8243; custom_padding=&#8221;|||&#8221; custom_padding__hover=&#8221;|||&#8221;][et_pb_post_title meta=&#8221;off&#8221; featured_image=&#8221;off&#8221; _builder_version=&#8221;3.26.3&#8243;][\/et_pb_post_title][et_pb_text admin_label=&#8221;Text&#8221; _builder_version=&#8221;3.26.3&#8243; background_size=&#8221;initial&#8221; background_position=&#8221;top_left&#8221; background_repeat=&#8221;repeat&#8221; custom_padding=&#8221;||49px|||&#8221;]<\/p>\n<p><span>Atrav\u00e9s da arte urbana, Empena Cega questiona nossa rela\u00e7\u00e3o com a cidade, com o espa\u00e7o e a sociedade, com o outro. O curta \u00e9 inspirado e ilustrado pela obra \u201cHomem Urbano\u201d, do artista argentino Tec.<\/span><\/p>\n<div id=\"vimeography-gallery-6\" class=\"vimeography-bugsauce\" data-version=\"1.0.2\">\n<div class=\"vimeography-main\">\n<div class=\"vimeography-player\"><\/div>\n<\/div>\n<\/div>\n<p>[\/et_pb_text][et_pb_video src=&#8221;https:\/\/vimeo.com\/145990916&#8243; _builder_version=&#8221;3.26.3&#8243;][\/et_pb_video][\/et_pb_column][\/et_pb_row][\/et_pb_section]<\/p>\n","protected":false},"excerpt":{"rendered":"<p>[et_pb_section fb_built=&#8221;1&#8243; admin_label=&#8221;section&#8221; _builder_version=&#8221;3.22&#8243;][et_pb_row admin_label=&#8221;row&#8221; _builder_version=&#8221;3.25&#8243; background_size=&#8221;initial&#8221; background_position=&#8221;top_left&#8221; background_repeat=&#8221;repeat&#8221;][et_pb_column type=&#8221;4_4&#8243; _builder_version=&#8221;3.25&#8243; custom_padding=&#8221;|||&#8221; custom_padding__hover=&#8221;|||&#8221;][et_pb_post_title meta=&#8221;off&#8221; featured_image=&#8221;off&#8221; _builder_version=&#8221;3.26.3&#8243;][\/et_pb_post_title][et_pb_text admin_label=&#8221;Text&#8221; _builder_version=&#8221;3.26.3&#8243; background_size=&#8221;initial&#8221; background_position=&#8221;top_left&#8221; background_repeat=&#8221;repeat&#8221; custom_padding=&#8221;||49px|||&#8221;] Atrav\u00e9s da arte urbana, Empena Cega questiona nossa rela\u00e7\u00e3o com a cidade, com o espa\u00e7o e a sociedade, com o outro. O curta \u00e9 inspirado e ilustrado pela obra \u201cHomem Urbano\u201d, do artista [&hellip;]<\/p>\n","protected":false},"author":3,"featured_media":0,"parent":92,"menu_order":3,"comment_status":"open","ping_status":"closed","template":"","meta":{"_et_pb_use_builder":"on","_et_pb_old_content":"Atrav\u00e9s da arte urbana, Empena Cega questiona nossa rela\u00e7\u00e3o com a cidade, com o espa\u00e7o e a sociedade, com o outro. O curta \u00e9 inspirado e ilustrado pela obra \"Homem Urbano\", do artista argentino Tec.\n\n[vimeography id=\"17\"]","footnotes":""},"class_list":["post-355","page","type-page","status-publish","hentry"],"_links":{"self":[{"href":"http:\/\/galeriafilmes.com.br\/galeriafilmes\/wp-json\/wp\/v2\/pages\/355","targetHints":{"allow":["GET"]}}],"collection":[{"href":"http:\/\/galeriafilmes.com.br\/galeriafilmes\/wp-json\/wp\/v2\/pages"}],"about":[{"href":"http:\/\/galeriafilmes.com.br\/galeriafilmes\/wp-json\/wp\/v2\/types\/page"}],"author":[{"embeddable":true,"href":"http:\/\/galeriafilmes.com.br\/galeriafilmes\/wp-json\/wp\/v2\/users\/3"}],"replies":[{"embeddable":true,"href":"http:\/\/galeriafilmes.com.br\/galeriafilmes\/wp-json\/wp\/v2\/comments?post=355"}],"version-history":[{"count":5,"href":"http:\/\/galeriafilmes.com.br\/galeriafilmes\/wp-json\/wp\/v2\/pages\/355\/revisions"}],"predecessor-version":[{"id":803,"href":"http:\/\/galeriafilmes.com.br\/galeriafilmes\/wp-json\/wp\/v2\/pages\/355\/revisions\/803"}],"up":[{"embeddable":true,"href":"http:\/\/galeriafilmes.com.br\/galeriafilmes\/wp-json\/wp\/v2\/pages\/92"}],"wp:attachment":[{"href":"http:\/\/galeriafilmes.com.br\/galeriafilmes\/wp-json\/wp\/v2\/media?parent=355"}],"curies":[{"name":"wp","href":"https:\/\/api.w.org\/{rel}","templated":true}]}}