{"id":406,"date":"2017-05-19T21:09:26","date_gmt":"2017-05-20T00:09:26","guid":{"rendered":"http:\/\/galeriafilmes.tv\/site\/?page_id=406"},"modified":"2019-08-12T18:35:37","modified_gmt":"2019-08-12T21:35:37","slug":"estudio-2","status":"publish","type":"page","link":"http:\/\/galeriafilmes.com.br\/galeriafilmes\/estudio-2\/","title":{"rendered":"Est\u00fadio"},"content":{"rendered":"<p>[et_pb_section fb_built=&#8221;1&#8243; admin_label=&#8221;section&#8221; _builder_version=&#8221;3.22&#8243;][et_pb_row _builder_version=&#8221;3.26.3&#8243;][et_pb_column type=&#8221;4_4&#8243; _builder_version=&#8221;3.26.3&#8243;][et_pb_post_title meta=&#8221;off&#8221; featured_image=&#8221;off&#8221; _builder_version=&#8221;3.26.3&#8243;][\/et_pb_post_title][et_pb_text _builder_version=&#8221;3.26.3&#8243; custom_padding=&#8221;11px|||||&#8221;]<\/p>\n<div class=\"entry-content\">\n<p>Nossa nova sede conta com um est\u00fadio completo com 100m2, tratamento ac\u00fastico, fundo infinito, grid de luzes, al\u00e9m de camarim equipado, espa\u00e7o para produ\u00e7\u00e3o e catering para mais de 30 pessoas.<\/p>\n<\/div>\n<div class=\"entry-content\">\n<p>Dispon\u00edvel para loca\u00e7\u00e3o. Agende uma visita e venha conhecer \u2013 11 3868-4239 c\/ Deborah<\/p>\n<p>Rua Vitorino Carmilo, 361<\/p>\n<\/div>\n<p>[\/et_pb_text][\/et_pb_column][\/et_pb_row][\/et_pb_section]<\/p>\n","protected":false},"excerpt":{"rendered":"<p>[et_pb_section fb_built=&#8221;1&#8243; admin_label=&#8221;section&#8221; _builder_version=&#8221;3.22&#8243;][et_pb_row _builder_version=&#8221;3.26.3&#8243;][et_pb_column type=&#8221;4_4&#8243; _builder_version=&#8221;3.26.3&#8243;][et_pb_post_title meta=&#8221;off&#8221; featured_image=&#8221;off&#8221; _builder_version=&#8221;3.26.3&#8243;][\/et_pb_post_title][et_pb_text _builder_version=&#8221;3.26.3&#8243; custom_padding=&#8221;11px|||||&#8221;] Nossa nova sede conta com um est\u00fadio completo com 100m2, tratamento ac\u00fastico, fundo infinito, grid de luzes, al\u00e9m de camarim equipado, espa\u00e7o para produ\u00e7\u00e3o e catering para mais de 30 pessoas. Dispon\u00edvel para loca\u00e7\u00e3o. Agende uma visita e venha conhecer \u2013 11 3868-4239 [&hellip;]<\/p>\n","protected":false},"author":3,"featured_media":0,"parent":0,"menu_order":3,"comment_status":"closed","ping_status":"closed","template":"","meta":{"_et_pb_use_builder":"on","_et_pb_old_content":"<div class=\"entry-content\">\n\nNossa nova sede conta com um est\u00fadio completo com 100m2, tratamento ac\u00fastico, fundo infinito, grid de luzes, al\u00e9m de camarim equipado, espa\u00e7o para produ\u00e7\u00e3o e catering para mais de 30 pessoas.\n\n<\/div>\n<div class=\"entry-content\">\n\nDispon\u00edvel para loca\u00e7\u00e3o. Agende uma visita e venha conhecer - 11 3868-4239 c\/ Deborah\n\nRua Vitorino Carmilo, 361\n\n<\/div>\n[cycloneslider id=\"estudio\"]","footnotes":""},"class_list":["post-406","page","type-page","status-publish","hentry"],"_links":{"self":[{"href":"http:\/\/galeriafilmes.com.br\/galeriafilmes\/wp-json\/wp\/v2\/pages\/406","targetHints":{"allow":["GET"]}}],"collection":[{"href":"http:\/\/galeriafilmes.com.br\/galeriafilmes\/wp-json\/wp\/v2\/pages"}],"about":[{"href":"http:\/\/galeriafilmes.com.br\/galeriafilmes\/wp-json\/wp\/v2\/types\/page"}],"author":[{"embeddable":true,"href":"http:\/\/galeriafilmes.com.br\/galeriafilmes\/wp-json\/wp\/v2\/users\/3"}],"replies":[{"embeddable":true,"href":"http:\/\/galeriafilmes.com.br\/galeriafilmes\/wp-json\/wp\/v2\/comments?post=406"}],"version-history":[{"count":3,"href":"http:\/\/galeriafilmes.com.br\/galeriafilmes\/wp-json\/wp\/v2\/pages\/406\/revisions"}],"predecessor-version":[{"id":831,"href":"http:\/\/galeriafilmes.com.br\/galeriafilmes\/wp-json\/wp\/v2\/pages\/406\/revisions\/831"}],"wp:attachment":[{"href":"http:\/\/galeriafilmes.com.br\/galeriafilmes\/wp-json\/wp\/v2\/media?parent=406"}],"curies":[{"name":"wp","href":"https:\/\/api.w.org\/{rel}","templated":true}]}}