{"id":438,"date":"2017-05-19T21:43:05","date_gmt":"2017-05-20T00:43:05","guid":{"rendered":"http:\/\/galeriafilmes.tv\/site\/?page_id=438"},"modified":"2019-08-12T18:32:33","modified_gmt":"2019-08-12T21:32:33","slug":"equipamentos","status":"publish","type":"page","link":"http:\/\/galeriafilmes.com.br\/galeriafilmes\/equipamentos\/","title":{"rendered":"Loca\u00e7\u00e3o de equipamento"},"content":{"rendered":"<p>[et_pb_section fb_built=&#8221;1&#8243; admin_label=&#8221;section&#8221; _builder_version=&#8221;3.22&#8243;][et_pb_row _builder_version=&#8221;3.26.3&#8243;][et_pb_column type=&#8221;4_4&#8243; _builder_version=&#8221;3.26.3&#8243;][et_pb_post_title meta=&#8221;off&#8221; featured_image=&#8221;off&#8221; _builder_version=&#8221;3.26.3&#8243;][\/et_pb_post_title][et_pb_text _builder_version=&#8221;3.26.3&#8243; custom_padding=&#8221;11px|||||&#8221;]<\/p>\n<p>Equipamentos dispon\u00edveis para loca\u00e7\u00e3o, desde c\u00e2meras 4K e Full HD, lentes Zeiss e Canon, trip\u00e9s de c\u00e2mera, luz, som direto e movimentos de c\u00e2mera.<\/p>\n<p>Ligue pra gente e pe\u00e7a a lista completa! 11 3868-4239 c\/ Deborah<\/p>\n<p>[\/et_pb_text][\/et_pb_column][\/et_pb_row][\/et_pb_section]<\/p>\n","protected":false},"excerpt":{"rendered":"<p>[et_pb_section fb_built=&#8221;1&#8243; admin_label=&#8221;section&#8221; _builder_version=&#8221;3.22&#8243;][et_pb_row _builder_version=&#8221;3.26.3&#8243;][et_pb_column type=&#8221;4_4&#8243; _builder_version=&#8221;3.26.3&#8243;][et_pb_post_title meta=&#8221;off&#8221; featured_image=&#8221;off&#8221; _builder_version=&#8221;3.26.3&#8243;][\/et_pb_post_title][et_pb_text _builder_version=&#8221;3.26.3&#8243; custom_padding=&#8221;11px|||||&#8221;] Equipamentos dispon\u00edveis para loca\u00e7\u00e3o, desde c\u00e2meras 4K e Full HD, lentes Zeiss e Canon, trip\u00e9s de c\u00e2mera, luz, som direto e movimentos de c\u00e2mera. Ligue pra gente e pe\u00e7a a lista completa! 11 3868-4239 c\/ Deborah [\/et_pb_text][\/et_pb_column][\/et_pb_row][\/et_pb_section]<\/p>\n","protected":false},"author":3,"featured_media":0,"parent":0,"menu_order":4,"comment_status":"closed","ping_status":"closed","template":"","meta":{"_et_pb_use_builder":"on","_et_pb_old_content":"Equipamentos dispon\u00edveis para loca\u00e7\u00e3o, desde c\u00e2meras 4K e Full HD, lentes Zeiss e Canon, trip\u00e9s de c\u00e2mera, luz, som direto e movimentos de c\u00e2mera.\n\nLigue pra gente e pe\u00e7a a lista completa! 11 3868-4239 c\/ Deborah\n\n[cycloneslider id=\"425\"]","footnotes":""},"class_list":["post-438","page","type-page","status-publish","hentry"],"_links":{"self":[{"href":"http:\/\/galeriafilmes.com.br\/galeriafilmes\/wp-json\/wp\/v2\/pages\/438","targetHints":{"allow":["GET"]}}],"collection":[{"href":"http:\/\/galeriafilmes.com.br\/galeriafilmes\/wp-json\/wp\/v2\/pages"}],"about":[{"href":"http:\/\/galeriafilmes.com.br\/galeriafilmes\/wp-json\/wp\/v2\/types\/page"}],"author":[{"embeddable":true,"href":"http:\/\/galeriafilmes.com.br\/galeriafilmes\/wp-json\/wp\/v2\/users\/3"}],"replies":[{"embeddable":true,"href":"http:\/\/galeriafilmes.com.br\/galeriafilmes\/wp-json\/wp\/v2\/comments?post=438"}],"version-history":[{"count":8,"href":"http:\/\/galeriafilmes.com.br\/galeriafilmes\/wp-json\/wp\/v2\/pages\/438\/revisions"}],"predecessor-version":[{"id":828,"href":"http:\/\/galeriafilmes.com.br\/galeriafilmes\/wp-json\/wp\/v2\/pages\/438\/revisions\/828"}],"wp:attachment":[{"href":"http:\/\/galeriafilmes.com.br\/galeriafilmes\/wp-json\/wp\/v2\/media?parent=438"}],"curies":[{"name":"wp","href":"https:\/\/api.w.org\/{rel}","templated":true}]}}